{"id":11105,"date":"2025-08-26T10:11:07","date_gmt":"2025-08-26T07:11:07","guid":{"rendered":"https:\/\/www.buildie.fi\/faktureringsanvisningar"},"modified":"2026-04-20T13:42:46","modified_gmt":"2026-04-20T10:42:46","slug":"faktureringsanvisningar","status":"publish","type":"page","link":"https:\/\/www.buildie.fi\/sv\/faktureringsanvisningar","title":{"rendered":"Faktureringsanvisningar"},"content":{"rendered":"\t\t<div data-elementor-type=\"wp-page\" data-elementor-id=\"11105\" class=\"elementor elementor-11105 elementor-11094\" data-elementor-post-type=\"page\">\n\t\t\t\t\t\t<section class=\"elementor-section elementor-top-section elementor-element elementor-element-cec5151 elementor-section-boxed elementor-section-height-default elementor-section-height-default\" data-id=\"cec5151\" data-element_type=\"section\" data-e-type=\"section\">\n\t\t\t\t\t\t<div class=\"elementor-container elementor-column-gap-default\">\n\t\t\t\t\t<div class=\"elementor-column elementor-col-100 elementor-top-column elementor-element elementor-element-bb314f0\" data-id=\"bb314f0\" data-element_type=\"column\" data-e-type=\"column\">\n\t\t\t<div class=\"elementor-widget-wrap elementor-element-populated\">\n\t\t\t\t\t\t<div class=\"elementor-element elementor-element-ac95547 elementor-widget elementor-widget-heading\" data-id=\"ac95547\" data-element_type=\"widget\" data-e-type=\"widget\" data-widget_type=\"heading.default\">\n\t\t\t\t<div class=\"elementor-widget-container\">\n\t\t\t\t\t<h2 class=\"elementor-heading-title elementor-size-default\">Faktureringsanvisningar<\/h2>\t\t\t\t<\/div>\n\t\t\t\t<\/div>\n\t\t\t\t<div class=\"elementor-element elementor-element-0ab4e2d elementor-widget elementor-widget-text-editor\" data-id=\"0ab4e2d\" data-element_type=\"widget\" data-e-type=\"widget\" data-widget_type=\"text-editor.default\">\n\t\t\t\t<div class=\"elementor-widget-container\">\n\t\t\t\t\t\t\t\t\t<p>Vi \u00f6nskar att ni i f\u00f6rsta hand skickar era fakturor som e-fakturor. Hanteringen av e-fakturor \u00e4r snabbare, mer tillf\u00f6rlitlig och kostnadseffektivare f\u00f6r b\u00e5de avs\u00e4ndaren och mottagaren \u00e4n hantering av pappersfakturor.<\/p>\n\t\t\t\t\t\t\t\t<\/div>\n\t\t\t\t<\/div>\n\t\t\t\t<section class=\"elementor-section elementor-inner-section elementor-element elementor-element-da71c1b elementor-section-boxed elementor-section-height-default elementor-section-height-default\" data-id=\"da71c1b\" data-element_type=\"section\" data-e-type=\"section\">\n\t\t\t\t\t\t<div class=\"elementor-container elementor-column-gap-default\">\n\t\t\t\t\t<div class=\"elementor-column elementor-col-33 elementor-inner-column elementor-element elementor-element-c84e919\" data-id=\"c84e919\" data-element_type=\"column\" data-e-type=\"column\">\n\t\t\t<div class=\"elementor-widget-wrap elementor-element-populated\">\n\t\t\t\t\t\t<div class=\"elementor-element elementor-element-91a32e5 elementor-widget elementor-widget-heading\" data-id=\"91a32e5\" data-element_type=\"widget\" data-e-type=\"widget\" data-widget_type=\"heading.default\">\n\t\t\t\t<div class=\"elementor-widget-container\">\n\t\t\t\t\t<h5 class=\"elementor-heading-title elementor-size-default\">Operat\u00f6r<\/h5>\t\t\t\t<\/div>\n\t\t\t\t<\/div>\n\t\t\t\t<div class=\"elementor-element elementor-element-69ef080 elementor-widget elementor-widget-text-editor\" data-id=\"69ef080\" data-element_type=\"widget\" data-e-type=\"widget\" data-widget_type=\"text-editor.default\">\n\t\t\t\t<div class=\"elementor-widget-container\">\n\t\t\t\t\t\t\t\t\t<p>Apix Messaging Oy<\/p>\n\t\t\t\t\t\t\t\t<\/div>\n\t\t\t\t<\/div>\n\t\t\t\t\t<\/div>\n\t\t<\/div>\n\t\t\t\t<div class=\"elementor-column elementor-col-33 elementor-inner-column elementor-element elementor-element-89181e0\" data-id=\"89181e0\" data-element_type=\"column\" data-e-type=\"column\">\n\t\t\t<div class=\"elementor-widget-wrap elementor-element-populated\">\n\t\t\t\t\t\t<div class=\"elementor-element elementor-element-7d13f23 elementor-widget elementor-widget-heading\" data-id=\"7d13f23\" data-element_type=\"widget\" data-e-type=\"widget\" data-widget_type=\"heading.default\">\n\t\t\t\t<div class=\"elementor-widget-container\">\n\t\t\t\t\t<h5 class=\"elementor-heading-title elementor-size-default\">E-fakturaadress<\/h5>\t\t\t\t<\/div>\n\t\t\t\t<\/div>\n\t\t\t\t<div class=\"elementor-element elementor-element-0c21f31 elementor-widget elementor-widget-text-editor\" data-id=\"0c21f31\" data-element_type=\"widget\" data-e-type=\"widget\" data-widget_type=\"text-editor.default\">\n\t\t\t\t<div class=\"elementor-widget-container\">\n\t\t\t\t\t\t\t\t\t<p class=\"p1\">5594809583<\/p>\n\t\t\t\t\t\t\t\t<\/div>\n\t\t\t\t<\/div>\n\t\t\t\t\t<\/div>\n\t\t<\/div>\n\t\t\t\t<div class=\"elementor-column elementor-col-33 elementor-inner-column elementor-element elementor-element-e60933a\" data-id=\"e60933a\" data-element_type=\"column\" data-e-type=\"column\">\n\t\t\t<div class=\"elementor-widget-wrap\">\n\t\t\t\t\t\t\t<\/div>\n\t\t<\/div>\n\t\t\t\t\t<\/div>\n\t\t<\/section>\n\t\t\t\t<div class=\"elementor-element elementor-element-f1156cc elementor-widget elementor-widget-text-editor\" data-id=\"f1156cc\" data-element_type=\"widget\" data-e-type=\"widget\" data-widget_type=\"text-editor.default\">\n\t\t\t\t<div class=\"elementor-widget-container\">\n\t\t\t\t\t\t\t\t\t<article class=\"text-token-text-primary w-full focus:outline-none scroll-mt-[calc(var(--header-height)+min(200px,max(70px,20svh)))]\" dir=\"auto\" tabindex=\"-1\" data-turn-id=\"request-WEB:d4c99dc5-64a7-4e3b-865f-9f7030d85761-68\" data-testid=\"conversation-turn-10\" data-scroll-anchor=\"true\" data-turn=\"assistant\"><div class=\"text-base my-auto mx-auto pb-10 [--thread-content-margin:--spacing(4)] @[37rem]:[--thread-content-margin:--spacing(6)] @[72rem]:[--thread-content-margin:--spacing(16)] px-(--thread-content-margin)\"><div class=\"[--thread-content-max-width:32rem] @[34rem]:[--thread-content-max-width:40rem] @[64rem]:[--thread-content-max-width:48rem] mx-auto max-w-(--thread-content-max-width) flex-1 group\/turn-messages focus-visible:outline-hidden relative flex w-full min-w-0 flex-col agent-turn\" tabindex=\"-1\"><div class=\"flex max-w-full flex-col grow\"><div class=\"min-h-8 text-message relative flex w-full flex-col items-end gap-2 text-start break-words whitespace-normal [.text-message+&amp;]:mt-5\" dir=\"auto\" data-message-author-role=\"assistant\" data-message-id=\"4598b7c5-44e1-4b3f-8262-d88643ea4386\" data-message-model-slug=\"gpt-5\"><div class=\"flex w-full flex-col gap-1 empty:hidden first:pt-[3px]\"><div class=\"markdown prose dark:prose-invert w-full break-words light markdown-new-styling\"><p data-start=\"647\" data-end=\"997\" data-is-last-node=\"\" data-is-only-node=\"\">Om ni inte kan skicka e-fakturor ber vi er skicka fakturorna till skanningstj\u00e4nsten f\u00f6r leverant\u00f6rsfakturor via e-post till adressen: <a href=\"mailto:5594809583@procountor.apixscan.se\">5594809583@procountor.apixscan.se<\/a><\/p><p data-start=\"647\" data-end=\"997\" data-is-last-node=\"\" data-is-only-node=\"\">F\u00f6r att skanningstj\u00e4nsten ska kunna h\u00e4nf\u00f6ra er faktura korrekt, ska denna faktureringsadress tryckas \u00e4ven p\u00e5 sj\u00e4lva fakturan och inte enbart p\u00e5 kuvertet. Till denna faktureringsadress ska inget annat material \u00e4n fakturor skickas, det vill s\u00e4ga information och marknadsf\u00f6ringsmaterial ska \u00e4ven forts\u00e4ttningsvis skickas till den vanliga postadressen.<\/p><\/div><\/div><\/div><\/div><\/div><\/div><\/article><div class=\"pointer-events-none h-px w-px\" aria-hidden=\"true\" data-edge=\"true\">\u00a0<\/div>\t\t\t\t\t\t\t\t<\/div>\n\t\t\t\t<\/div>\n\t\t\t\t\t<\/div>\n\t\t<\/div>\n\t\t\t\t\t<\/div>\n\t\t<\/section>\n\t\t\t\t<\/div>\n\t\t","protected":false},"excerpt":{"rendered":"<p>Faktureringsanvisningar Vi \u00f6nskar att ni i f\u00f6rsta hand skickar era fakturor som e-fakturor. Hanteringen av e-fakturor \u00e4r snabbare, mer tillf\u00f6rlitlig och kostnadseffektivare f\u00f6r b\u00e5de avs\u00e4ndaren och mottagaren \u00e4n hantering av pappersfakturor. Operat\u00f6r Apix Messaging Oy E-fakturaadress 5594809583 Om ni inte kan skicka e-fakturor ber vi er skicka fakturorna till skanningstj\u00e4nsten f\u00f6r leverant\u00f6rsfakturor via e-post till [&hellip;]<\/p>\n","protected":false},"author":9,"featured_media":0,"parent":0,"menu_order":0,"comment_status":"closed","ping_status":"closed","template":"","meta":{"_acf_changed":false,"site-sidebar-layout":"no-sidebar","site-content-layout":"page-builder","ast-site-content-layout":"full-width-container","site-content-style":"default","site-sidebar-style":"default","ast-global-header-display":"","ast-banner-title-visibility":"","ast-main-header-display":"","ast-hfb-above-header-display":"","ast-hfb-below-header-display":"","ast-hfb-mobile-header-display":"","site-post-title":"disabled","ast-breadcrumbs-content":"","ast-featured-img":"disabled","footer-sml-layout":"","ast-disable-related-posts":"","theme-transparent-header-meta":"","adv-header-id-meta":"","stick-header-meta":"","header-above-stick-meta":"","header-main-stick-meta":"","header-below-stick-meta":"","astra-migrate-meta-layouts":"default","ast-page-background-enabled":"default","ast-page-background-meta":{"desktop":{"background-color":"","background-image":"","background-repeat":"repeat","background-position":"center center","background-size":"auto","background-attachment":"scroll","background-type":"","background-media":"","overlay-type":"","overlay-color":"","overlay-opacity":"","overlay-gradient":""},"tablet":{"background-color":"","background-image":"","background-repeat":"repeat","background-position":"center center","background-size":"auto","background-attachment":"scroll","background-type":"","background-media":"","overlay-type":"","overlay-color":"","overlay-opacity":"","overlay-gradient":""},"mobile":{"background-color":"","background-image":"","background-repeat":"repeat","background-position":"center center","background-size":"auto","background-attachment":"scroll","background-type":"","background-media":"","overlay-type":"","overlay-color":"","overlay-opacity":"","overlay-gradient":""}},"ast-content-background-meta":{"desktop":{"background-color":"var(--ast-global-color-5)","background-image":"","background-repeat":"repeat","background-position":"center center","background-size":"auto","background-attachment":"scroll","background-type":"","background-media":"","overlay-type":"","overlay-color":"","overlay-opacity":"","overlay-gradient":""},"tablet":{"background-color":"var(--ast-global-color-5)","background-image":"","background-repeat":"repeat","background-position":"center center","background-size":"auto","background-attachment":"scroll","background-type":"","background-media":"","overlay-type":"","overlay-color":"","overlay-opacity":"","overlay-gradient":""},"mobile":{"background-color":"var(--ast-global-color-5)","background-image":"","background-repeat":"repeat","background-position":"center center","background-size":"auto","background-attachment":"scroll","background-type":"","background-media":"","overlay-type":"","overlay-color":"","overlay-opacity":"","overlay-gradient":""}},"footnotes":""},"class_list":["post-11105","page","type-page","status-publish","hentry"],"acf":[],"yoast_head":"<!-- This site is optimized with the Yoast SEO plugin v27.3 - https:\/\/yoast.com\/product\/yoast-seo-wordpress\/ -->\n<title>Faktureringsanvisningar - Buildie<\/title>\n<meta name=\"robots\" content=\"index, follow, max-snippet:-1, max-image-preview:large, max-video-preview:-1\" \/>\n<link rel=\"canonical\" href=\"https:\/\/www.buildie.fi\/laskutusohjeet\" \/>\n<meta property=\"og:locale\" content=\"sv_SE\" \/>\n<meta property=\"og:type\" content=\"article\" \/>\n<meta property=\"og:title\" content=\"Faktureringsanvisningar - Buildie\" \/>\n<meta property=\"og:description\" content=\"Faktureringsanvisningar Vi \u00f6nskar att ni i f\u00f6rsta hand skickar era fakturor som e-fakturor. Hanteringen av e-fakturor \u00e4r snabbare, mer tillf\u00f6rlitlig och kostnadseffektivare f\u00f6r b\u00e5de avs\u00e4ndaren och mottagaren \u00e4n hantering av pappersfakturor. Operat\u00f6r Apix Messaging Oy E-fakturaadress 5594809583 Om ni inte kan skicka e-fakturor ber vi er skicka fakturorna till skanningstj\u00e4nsten f\u00f6r leverant\u00f6rsfakturor via e-post till [&hellip;]\" \/>\n<meta property=\"og:url\" content=\"https:\/\/www.buildie.fi\/laskutusohjeet\" \/>\n<meta property=\"og:site_name\" content=\"Buildie\" \/>\n<meta property=\"article:publisher\" content=\"https:\/\/www.facebook.com\/buildie.fi\/\" \/>\n<meta property=\"article:modified_time\" content=\"2026-04-20T10:42:46+00:00\" \/>\n<meta name=\"twitter:card\" content=\"summary_large_image\" \/>\n<meta name=\"twitter:label1\" content=\"Ber\u00e4knad l\u00e4stid\" \/>\n\t<meta name=\"twitter:data1\" content=\"1 minut\" \/>\n<script type=\"application\/ld+json\" class=\"yoast-schema-graph\">{\"@context\":\"https:\\\/\\\/schema.org\",\"@graph\":[{\"@type\":\"WebPage\",\"@id\":\"https:\\\/\\\/www.buildie.fi\\\/laskutusohjeet\",\"url\":\"https:\\\/\\\/www.buildie.fi\\\/laskutusohjeet\",\"name\":\"Faktureringsanvisningar - Buildie\",\"isPartOf\":{\"@id\":\"https:\\\/\\\/www.buildie.fi\\\/#website\"},\"datePublished\":\"2025-08-26T07:11:07+00:00\",\"dateModified\":\"2026-04-20T10:42:46+00:00\",\"breadcrumb\":{\"@id\":\"https:\\\/\\\/www.buildie.fi\\\/laskutusohjeet#breadcrumb\"},\"inLanguage\":\"sv-SE\",\"potentialAction\":[{\"@type\":\"ReadAction\",\"target\":[\"https:\\\/\\\/www.buildie.fi\\\/laskutusohjeet\"]}]},{\"@type\":\"BreadcrumbList\",\"@id\":\"https:\\\/\\\/www.buildie.fi\\\/laskutusohjeet#breadcrumb\",\"itemListElement\":[{\"@type\":\"ListItem\",\"position\":1,\"name\":\"Etusivu\",\"item\":\"https:\\\/\\\/www.buildie.fi\\\/\"},{\"@type\":\"ListItem\",\"position\":2,\"name\":\"Faktureringsanvisningar\"}]},{\"@type\":\"WebSite\",\"@id\":\"https:\\\/\\\/www.buildie.fi\\\/#website\",\"url\":\"https:\\\/\\\/www.buildie.fi\\\/\",\"name\":\"Buildie\",\"description\":\"Buildiella varmistat infrarakentamisen laadun\",\"publisher\":{\"@id\":\"https:\\\/\\\/www.buildie.fi\\\/#organization\"},\"potentialAction\":[{\"@type\":\"SearchAction\",\"target\":{\"@type\":\"EntryPoint\",\"urlTemplate\":\"https:\\\/\\\/www.buildie.fi\\\/?s={search_term_string}\"},\"query-input\":{\"@type\":\"PropertyValueSpecification\",\"valueRequired\":true,\"valueName\":\"search_term_string\"}}],\"inLanguage\":\"sv-SE\"},{\"@type\":\"Organization\",\"@id\":\"https:\\\/\\\/www.buildie.fi\\\/#organization\",\"name\":\"Buildie Oy\",\"url\":\"https:\\\/\\\/www.buildie.fi\\\/\",\"logo\":{\"@type\":\"ImageObject\",\"inLanguage\":\"sv-SE\",\"@id\":\"https:\\\/\\\/www.buildie.fi\\\/#\\\/schema\\\/logo\\\/image\\\/\",\"url\":\"https:\\\/\\\/www.buildie.fi\\\/wp-content\\\/uploads\\\/2021\\\/05\\\/Logo-vaaka-1.png\",\"contentUrl\":\"https:\\\/\\\/www.buildie.fi\\\/wp-content\\\/uploads\\\/2021\\\/05\\\/Logo-vaaka-1.png\",\"width\":167,\"height\":40,\"caption\":\"Buildie Oy\"},\"image\":{\"@id\":\"https:\\\/\\\/www.buildie.fi\\\/#\\\/schema\\\/logo\\\/image\\\/\"},\"sameAs\":[\"https:\\\/\\\/www.facebook.com\\\/buildie.fi\\\/\",\"https:\\\/\\\/www.instagram.com\\\/buildie.fi\\\/\",\"https:\\\/\\\/www.linkedin.com\\\/company\\\/buildie\"]}]}<\/script>\n<!-- \/ Yoast SEO plugin. -->","yoast_head_json":{"title":"Faktureringsanvisningar - Buildie","robots":{"index":"index","follow":"follow","max-snippet":"max-snippet:-1","max-image-preview":"max-image-preview:large","max-video-preview":"max-video-preview:-1"},"canonical":"https:\/\/www.buildie.fi\/laskutusohjeet","og_locale":"sv_SE","og_type":"article","og_title":"Faktureringsanvisningar - Buildie","og_description":"Faktureringsanvisningar Vi \u00f6nskar att ni i f\u00f6rsta hand skickar era fakturor som e-fakturor. Hanteringen av e-fakturor \u00e4r snabbare, mer tillf\u00f6rlitlig och kostnadseffektivare f\u00f6r b\u00e5de avs\u00e4ndaren och mottagaren \u00e4n hantering av pappersfakturor. Operat\u00f6r Apix Messaging Oy E-fakturaadress 5594809583 Om ni inte kan skicka e-fakturor ber vi er skicka fakturorna till skanningstj\u00e4nsten f\u00f6r leverant\u00f6rsfakturor via e-post till [&hellip;]","og_url":"https:\/\/www.buildie.fi\/laskutusohjeet","og_site_name":"Buildie","article_publisher":"https:\/\/www.facebook.com\/buildie.fi\/","article_modified_time":"2026-04-20T10:42:46+00:00","twitter_card":"summary_large_image","twitter_misc":{"Ber\u00e4knad l\u00e4stid":"1 minut"},"schema":{"@context":"https:\/\/schema.org","@graph":[{"@type":"WebPage","@id":"https:\/\/www.buildie.fi\/laskutusohjeet","url":"https:\/\/www.buildie.fi\/laskutusohjeet","name":"Faktureringsanvisningar - Buildie","isPartOf":{"@id":"https:\/\/www.buildie.fi\/#website"},"datePublished":"2025-08-26T07:11:07+00:00","dateModified":"2026-04-20T10:42:46+00:00","breadcrumb":{"@id":"https:\/\/www.buildie.fi\/laskutusohjeet#breadcrumb"},"inLanguage":"sv-SE","potentialAction":[{"@type":"ReadAction","target":["https:\/\/www.buildie.fi\/laskutusohjeet"]}]},{"@type":"BreadcrumbList","@id":"https:\/\/www.buildie.fi\/laskutusohjeet#breadcrumb","itemListElement":[{"@type":"ListItem","position":1,"name":"Etusivu","item":"https:\/\/www.buildie.fi\/"},{"@type":"ListItem","position":2,"name":"Faktureringsanvisningar"}]},{"@type":"WebSite","@id":"https:\/\/www.buildie.fi\/#website","url":"https:\/\/www.buildie.fi\/","name":"Buildie","description":"Buildiella varmistat infrarakentamisen laadun","publisher":{"@id":"https:\/\/www.buildie.fi\/#organization"},"potentialAction":[{"@type":"SearchAction","target":{"@type":"EntryPoint","urlTemplate":"https:\/\/www.buildie.fi\/?s={search_term_string}"},"query-input":{"@type":"PropertyValueSpecification","valueRequired":true,"valueName":"search_term_string"}}],"inLanguage":"sv-SE"},{"@type":"Organization","@id":"https:\/\/www.buildie.fi\/#organization","name":"Buildie Oy","url":"https:\/\/www.buildie.fi\/","logo":{"@type":"ImageObject","inLanguage":"sv-SE","@id":"https:\/\/www.buildie.fi\/#\/schema\/logo\/image\/","url":"https:\/\/www.buildie.fi\/wp-content\/uploads\/2021\/05\/Logo-vaaka-1.png","contentUrl":"https:\/\/www.buildie.fi\/wp-content\/uploads\/2021\/05\/Logo-vaaka-1.png","width":167,"height":40,"caption":"Buildie Oy"},"image":{"@id":"https:\/\/www.buildie.fi\/#\/schema\/logo\/image\/"},"sameAs":["https:\/\/www.facebook.com\/buildie.fi\/","https:\/\/www.instagram.com\/buildie.fi\/","https:\/\/www.linkedin.com\/company\/buildie"]}]}},"_links":{"self":[{"href":"https:\/\/www.buildie.fi\/sv\/wp-json\/wp\/v2\/pages\/11105","targetHints":{"allow":["GET"]}}],"collection":[{"href":"https:\/\/www.buildie.fi\/sv\/wp-json\/wp\/v2\/pages"}],"about":[{"href":"https:\/\/www.buildie.fi\/sv\/wp-json\/wp\/v2\/types\/page"}],"author":[{"embeddable":true,"href":"https:\/\/www.buildie.fi\/sv\/wp-json\/wp\/v2\/users\/9"}],"replies":[{"embeddable":true,"href":"https:\/\/www.buildie.fi\/sv\/wp-json\/wp\/v2\/comments?post=11105"}],"version-history":[{"count":14,"href":"https:\/\/www.buildie.fi\/sv\/wp-json\/wp\/v2\/pages\/11105\/revisions"}],"predecessor-version":[{"id":12691,"href":"https:\/\/www.buildie.fi\/sv\/wp-json\/wp\/v2\/pages\/11105\/revisions\/12691"}],"wp:attachment":[{"href":"https:\/\/www.buildie.fi\/sv\/wp-json\/wp\/v2\/media?parent=11105"}],"curies":[{"name":"wp","href":"https:\/\/api.w.org\/{rel}","templated":true}]}}