{"id":10567,"date":"2025-06-26T09:03:52","date_gmt":"2025-06-26T06:03:52","guid":{"rendered":"https:\/\/www.buildie.fi\/buildie-kontakta-oss\/"},"modified":"2025-07-03T09:24:40","modified_gmt":"2025-07-03T06:24:40","slug":"buildie-kontakta-oss","status":"publish","type":"page","link":"https:\/\/www.buildie.fi\/sv\/buildie-kontakta-oss","title":{"rendered":"Buildie Kontakta oss"},"content":{"rendered":"\t\t<div data-elementor-type=\"wp-page\" data-elementor-id=\"10567\" class=\"elementor elementor-10567 elementor-7267\" data-elementor-post-type=\"page\">\n\t\t\t\t\t\t<section class=\"elementor-section elementor-top-section elementor-element elementor-element-7f776da elementor-section-boxed elementor-section-height-default elementor-section-height-default elementor-invisible\" data-id=\"7f776da\" data-element_type=\"section\" data-e-type=\"section\" data-settings=\"{&quot;animation&quot;:&quot;fadeInUp&quot;}\">\n\t\t\t\t\t\t<div class=\"elementor-container elementor-column-gap-default\">\n\t\t\t\t\t<div class=\"elementor-column elementor-col-100 elementor-top-column elementor-element elementor-element-2310302\" data-id=\"2310302\" data-element_type=\"column\" data-e-type=\"column\">\n\t\t\t<div class=\"elementor-widget-wrap elementor-element-populated\">\n\t\t\t\t\t\t<div class=\"elementor-element elementor-element-fc083d4 elementor-align-center elementor-widget elementor-widget-button\" data-id=\"fc083d4\" data-element_type=\"widget\" data-e-type=\"widget\" data-widget_type=\"button.default\">\n\t\t\t\t<div class=\"elementor-widget-container\">\n\t\t\t\t\t\t\t\t\t<div class=\"elementor-button-wrapper\">\n\t\t\t\t\t<a class=\"elementor-button elementor-size-sm\" role=\"button\">\n\t\t\t\t\t\t<span class=\"elementor-button-content-wrapper\">\n\t\t\t\t\t\t\t\t\t<span class=\"elementor-button-text\">Kontakta oss<\/span>\n\t\t\t\t\t<\/span>\n\t\t\t\t\t<\/a>\n\t\t\t\t<\/div>\n\t\t\t\t\t\t\t\t<\/div>\n\t\t\t\t<\/div>\n\t\t\t\t<section class=\"elementor-section elementor-inner-section elementor-element elementor-element-8e756fa elementor-reverse-mobile elementor-section-boxed elementor-section-height-default elementor-section-height-default\" data-id=\"8e756fa\" data-element_type=\"section\" data-e-type=\"section\" data-settings=\"{&quot;background_background&quot;:&quot;classic&quot;}\">\n\t\t\t\t\t\t<div class=\"elementor-container elementor-column-gap-default\">\n\t\t\t\t\t<div class=\"elementor-column elementor-col-50 elementor-inner-column elementor-element elementor-element-46e4a67\" data-id=\"46e4a67\" data-element_type=\"column\" data-e-type=\"column\">\n\t\t\t<div class=\"elementor-widget-wrap elementor-element-populated\">\n\t\t\t\t\t\t<div class=\"elementor-element elementor-element-57689e4 elementor-widget elementor-widget-image\" data-id=\"57689e4\" data-element_type=\"widget\" data-e-type=\"widget\" data-widget_type=\"image.default\">\n\t\t\t\t<div class=\"elementor-widget-container\">\n\t\t\t\t\t\t\t\t\t\t\t\t\t\t\t<img fetchpriority=\"high\" decoding=\"async\" width=\"701\" height=\"1008\" src=\"https:\/\/www.buildie.fi\/wp-content\/uploads\/2025\/01\/Myynti-1007x700-1.webp\" class=\"attachment-large size-large wp-image-7285\" alt=\"\" srcset=\"https:\/\/www.buildie.fi\/wp-content\/uploads\/2025\/01\/Myynti-1007x700-1.webp 701w, https:\/\/www.buildie.fi\/wp-content\/uploads\/2025\/01\/Myynti-1007x700-1-209x300.webp 209w\" sizes=\"(max-width: 701px) 100vw, 701px\" \/>\t\t\t\t\t\t\t\t\t\t\t\t\t\t\t<\/div>\n\t\t\t\t<\/div>\n\t\t\t\t\t<\/div>\n\t\t<\/div>\n\t\t\t\t<div class=\"elementor-column elementor-col-50 elementor-inner-column elementor-element elementor-element-9df70a6\" data-id=\"9df70a6\" data-element_type=\"column\" data-e-type=\"column\">\n\t\t\t<div class=\"elementor-widget-wrap elementor-element-populated\">\n\t\t\t\t\t\t<div class=\"elementor-element elementor-element-7fd11ad elementor-widget elementor-widget-heading\" data-id=\"7fd11ad\" data-element_type=\"widget\" data-e-type=\"widget\" data-widget_type=\"heading.default\">\n\t\t\t\t<div class=\"elementor-widget-container\">\n\t\t\t\t\t<h2 class=\"elementor-heading-title elementor-size-default\">Vill du boka en demo, f\u00e5 en offert eller har du fr\u00e5gor om Buildie?<\/h2>\t\t\t\t<\/div>\n\t\t\t\t<\/div>\n\t\t\t\t<div class=\"elementor-element elementor-element-fa3dda3 elementor-widget__width-inherit elementor-widget elementor-widget-text-editor\" data-id=\"fa3dda3\" data-element_type=\"widget\" data-e-type=\"widget\" data-widget_type=\"text-editor.default\">\n\t\t\t\t<div class=\"elementor-widget-container\">\n\t\t\t\t\t\t\t\t\t<p>V\u00e5r innovativa mjukvarul\u00f6sning g\u00f6r byggandet fullst\u00e4ndigt transparent f\u00f6r infrastruktur\u00e4garen, f\u00f6rb\u00e4ttrar kvaliteten inom infrastrukturbyggande och f\u00f6rebygger uppkomsten av eftersatt underh\u00e5ll. Kontakta oss \u2013 s\u00e5 bekantar vi oss tillsammans med v\u00e5r l\u00f6sning!<\/p>\n\t\t\t\t\t\t\t\t<\/div>\n\t\t\t\t<\/div>\n\t\t\t\t<div class=\"elementor-element elementor-element-07c9ea4 elementor-widget__width-inherit elementor-button-align-stretch elementor-widget elementor-widget-form\" data-id=\"07c9ea4\" data-element_type=\"widget\" data-e-type=\"widget\" data-settings=\"{&quot;button_width&quot;:&quot;100&quot;,&quot;step_type&quot;:&quot;number_text&quot;,&quot;step_icon_shape&quot;:&quot;circle&quot;}\" data-widget_type=\"form.default\">\n\t\t\t\t<div class=\"elementor-widget-container\">\n\t\t\t\t\t\t\t<form class=\"elementor-form\" method=\"post\" name=\"New Form \/\/ SWE\">\n\t\t\t<input type=\"hidden\" name=\"post_id\" value=\"10567\"\/>\n\t\t\t<input type=\"hidden\" name=\"form_id\" value=\"07c9ea4\"\/>\n\t\t\t<input type=\"hidden\" name=\"referer_title\" value=\"Buildie Kontakta oss - Buildie\" \/>\n\n\t\t\t\t\t\t\t<input type=\"hidden\" name=\"queried_id\" value=\"10567\"\/>\n\t\t\t\n\t\t\t<div class=\"elementor-form-fields-wrapper elementor-labels-above\">\n\t\t\t\t\t\t\t\t<div class=\"elementor-field-type-text elementor-field-group elementor-column elementor-field-group-name elementor-col-100 elementor-field-required\">\n\t\t\t\t\t\t\t\t\t\t\t\t\t<input size=\"1\" type=\"text\" name=\"form_fields[name]\" id=\"form-field-name\" class=\"elementor-field elementor-size-sm  elementor-field-textual\" placeholder=\"Namn\" required=\"required\">\n\t\t\t\t\t\t\t\t\t\t\t<\/div>\n\t\t\t\t\t\t\t\t<div class=\"elementor-field-type-email elementor-field-group elementor-column elementor-field-group-email elementor-col-100 elementor-field-required\">\n\t\t\t\t\t\t\t\t\t\t\t\t\t<input size=\"1\" type=\"email\" name=\"form_fields[email]\" id=\"form-field-email\" class=\"elementor-field elementor-size-sm  elementor-field-textual\" placeholder=\"Email\" required=\"required\">\n\t\t\t\t\t\t\t\t\t\t\t<\/div>\n\t\t\t\t\t\t\t\t<div class=\"elementor-field-type-tel elementor-field-group elementor-column elementor-field-group-field_162f82e elementor-col-100 elementor-field-required\">\n\t\t\t\t\t\t\t<input size=\"1\" type=\"tel\" name=\"form_fields[field_162f82e]\" id=\"form-field-field_162f82e\" class=\"elementor-field elementor-size-sm  elementor-field-textual\" placeholder=\"Telefonnummer\" required=\"required\" pattern=\"[0-9()#&amp;+*-=.]+\" title=\"Endast siffror och telefontecken (#, -, *, etc) accepteras.\">\n\n\t\t\t\t\t\t<\/div>\n\t\t\t\t\t\t\t\t<div class=\"elementor-field-type-textarea elementor-field-group elementor-column elementor-field-group-message elementor-col-100\">\n\t\t\t\t\t<textarea class=\"elementor-field-textual elementor-field  elementor-size-sm\" name=\"form_fields[message]\" id=\"form-field-message\" rows=\"2\" placeholder=\"Ytterligare information\"><\/textarea>\t\t\t\t<\/div>\n\t\t\t\t\t\t\t\t<div class=\"elementor-field-group elementor-column elementor-field-type-submit elementor-col-100 e-form__buttons\">\n\t\t\t\t\t<button class=\"elementor-button elementor-size-sm\" type=\"submit\">\n\t\t\t\t\t\t<span class=\"elementor-button-content-wrapper\">\n\t\t\t\t\t\t\t\t\t\t\t\t\t\t\t<span class=\"elementor-button-icon\">\n\t\t\t\t\t\t\t\t\t<i aria-hidden=\"true\" class=\"fas fa-arrow-right\"><\/i>\t\t\t\t\t\t\t\t\t\t\t\t\t\t\t\t\t<\/span>\n\t\t\t\t\t\t\t\t\t\t\t\t\t\t\t\t\t\t\t\t\t\t<span class=\"elementor-button-text\">L\u00e4mna en kontaktf\u00f6rfr\u00e5gan<\/span>\n\t\t\t\t\t\t\t\t\t\t\t\t\t<\/span>\n\t\t\t\t\t<\/button>\n\t\t\t\t<\/div>\n\t\t\t<\/div>\n\t\t<\/form>\n\t\t\t\t\t\t<\/div>\n\t\t\t\t<\/div>\n\t\t\t\t<div class=\"elementor-element elementor-element-8ad0407 elementor-widget elementor-widget-text-editor\" data-id=\"8ad0407\" data-element_type=\"widget\" data-e-type=\"widget\" data-widget_type=\"text-editor.default\">\n\t\t\t\t<div class=\"elementor-widget-container\">\n\t\t\t\t\t\t\t\t\t<p>Genom att skicka in formul\u00e4ret l\u00e4mnar du dina personuppgifter till oss, vilka vi lagrar och behandlar i enlighet med v\u00e5r dataskyddsbeskrivning.<\/p>\n\t\t\t\t\t\t\t\t<\/div>\n\t\t\t\t<\/div>\n\t\t\t\t\t<\/div>\n\t\t<\/div>\n\t\t\t\t\t<\/div>\n\t\t<\/section>\n\t\t\t\t\t<\/div>\n\t\t<\/div>\n\t\t\t\t\t<\/div>\n\t\t<\/section>\n\t\t\t\t<\/div>\n\t\t","protected":false},"excerpt":{"rendered":"<p>Kontakta oss Vill du boka en demo, f\u00e5 en offert eller har du fr\u00e5gor om Buildie? V\u00e5r innovativa mjukvarul\u00f6sning g\u00f6r byggandet fullst\u00e4ndigt transparent f\u00f6r infrastruktur\u00e4garen, f\u00f6rb\u00e4ttrar kvaliteten inom infrastrukturbyggande och f\u00f6rebygger uppkomsten av eftersatt underh\u00e5ll. Kontakta oss \u2013 s\u00e5 bekantar vi oss tillsammans med v\u00e5r l\u00f6sning! Genom att skicka in formul\u00e4ret l\u00e4mnar du dina personuppgifter [&hellip;]<\/p>\n","protected":false},"author":9,"featured_media":0,"parent":0,"menu_order":0,"comment_status":"closed","ping_status":"closed","template":"","meta":{"_acf_changed":false,"site-sidebar-layout":"no-sidebar","site-content-layout":"page-builder","ast-site-content-layout":"full-width-container","site-content-style":"default","site-sidebar-style":"default","ast-global-header-display":"","ast-banner-title-visibility":"","ast-main-header-display":"","ast-hfb-above-header-display":"","ast-hfb-below-header-display":"","ast-hfb-mobile-header-display":"","site-post-title":"disabled","ast-breadcrumbs-content":"","ast-featured-img":"disabled","footer-sml-layout":"","ast-disable-related-posts":"","theme-transparent-header-meta":"","adv-header-id-meta":"","stick-header-meta":"","header-above-stick-meta":"","header-main-stick-meta":"","header-below-stick-meta":"","astra-migrate-meta-layouts":"default","ast-page-background-enabled":"default","ast-page-background-meta":{"desktop":{"background-color":"","background-image":"","background-repeat":"repeat","background-position":"center center","background-size":"auto","background-attachment":"scroll","background-type":"","background-media":"","overlay-type":"","overlay-color":"","overlay-opacity":"","overlay-gradient":""},"tablet":{"background-color":"","background-image":"","background-repeat":"repeat","background-position":"center center","background-size":"auto","background-attachment":"scroll","background-type":"","background-media":"","overlay-type":"","overlay-color":"","overlay-opacity":"","overlay-gradient":""},"mobile":{"background-color":"","background-image":"","background-repeat":"repeat","background-position":"center center","background-size":"auto","background-attachment":"scroll","background-type":"","background-media":"","overlay-type":"","overlay-color":"","overlay-opacity":"","overlay-gradient":""}},"ast-content-background-meta":{"desktop":{"background-color":"var(--ast-global-color-5)","background-image":"","background-repeat":"repeat","background-position":"center center","background-size":"auto","background-attachment":"scroll","background-type":"","background-media":"","overlay-type":"","overlay-color":"","overlay-opacity":"","overlay-gradient":""},"tablet":{"background-color":"var(--ast-global-color-5)","background-image":"","background-repeat":"repeat","background-position":"center center","background-size":"auto","background-attachment":"scroll","background-type":"","background-media":"","overlay-type":"","overlay-color":"","overlay-opacity":"","overlay-gradient":""},"mobile":{"background-color":"var(--ast-global-color-5)","background-image":"","background-repeat":"repeat","background-position":"center center","background-size":"auto","background-attachment":"scroll","background-type":"","background-media":"","overlay-type":"","overlay-color":"","overlay-opacity":"","overlay-gradient":""}},"footnotes":""},"class_list":["post-10567","page","type-page","status-publish","hentry"],"acf":[],"yoast_head":"<!-- This site is optimized with the Yoast SEO plugin v27.3 - https:\/\/yoast.com\/product\/yoast-seo-wordpress\/ -->\n<title>Buildie Kontakta oss - Buildie<\/title>\n<meta name=\"robots\" content=\"index, follow, max-snippet:-1, max-image-preview:large, max-video-preview:-1\" \/>\n<link rel=\"canonical\" href=\"https:\/\/www.buildie.fi\/sv\/buildie-kontakta-oss\" \/>\n<meta property=\"og:locale\" content=\"sv_SE\" \/>\n<meta property=\"og:type\" content=\"article\" \/>\n<meta property=\"og:title\" content=\"Buildie Kontakta oss - Buildie\" \/>\n<meta property=\"og:description\" content=\"Kontakta oss Vill du boka en demo, f\u00e5 en offert eller har du fr\u00e5gor om Buildie? V\u00e5r innovativa mjukvarul\u00f6sning g\u00f6r byggandet fullst\u00e4ndigt transparent f\u00f6r infrastruktur\u00e4garen, f\u00f6rb\u00e4ttrar kvaliteten inom infrastrukturbyggande och f\u00f6rebygger uppkomsten av eftersatt underh\u00e5ll. Kontakta oss \u2013 s\u00e5 bekantar vi oss tillsammans med v\u00e5r l\u00f6sning! Genom att skicka in formul\u00e4ret l\u00e4mnar du dina personuppgifter [&hellip;]\" \/>\n<meta property=\"og:url\" content=\"https:\/\/www.buildie.fi\/sv\/buildie-kontakta-oss\" \/>\n<meta property=\"og:site_name\" content=\"Buildie\" \/>\n<meta property=\"article:publisher\" content=\"https:\/\/www.facebook.com\/buildie.fi\/\" \/>\n<meta property=\"article:modified_time\" content=\"2025-07-03T06:24:40+00:00\" \/>\n<meta property=\"og:image\" content=\"https:\/\/www.buildie.fi\/wp-content\/uploads\/2025\/01\/Myynti-1007x700-1.webp\" \/>\n\t<meta property=\"og:image:width\" content=\"701\" \/>\n\t<meta property=\"og:image:height\" content=\"1008\" \/>\n\t<meta property=\"og:image:type\" content=\"image\/webp\" \/>\n<meta name=\"twitter:card\" content=\"summary_large_image\" \/>\n<meta name=\"twitter:label1\" content=\"Ber\u00e4knad l\u00e4stid\" \/>\n\t<meta name=\"twitter:data1\" content=\"1 minut\" \/>\n<script type=\"application\/ld+json\" class=\"yoast-schema-graph\">{\"@context\":\"https:\\\/\\\/schema.org\",\"@graph\":[{\"@type\":\"WebPage\",\"@id\":\"https:\\\/\\\/www.buildie.fi\\\/sv\\\/buildie-kontakta-oss\",\"url\":\"https:\\\/\\\/www.buildie.fi\\\/sv\\\/buildie-kontakta-oss\",\"name\":\"Buildie Kontakta oss - Buildie\",\"isPartOf\":{\"@id\":\"https:\\\/\\\/www.buildie.fi\\\/#website\"},\"primaryImageOfPage\":{\"@id\":\"https:\\\/\\\/www.buildie.fi\\\/sv\\\/buildie-kontakta-oss#primaryimage\"},\"image\":{\"@id\":\"https:\\\/\\\/www.buildie.fi\\\/sv\\\/buildie-kontakta-oss#primaryimage\"},\"thumbnailUrl\":\"https:\\\/\\\/www.buildie.fi\\\/wp-content\\\/uploads\\\/2025\\\/01\\\/Myynti-1007x700-1.webp\",\"datePublished\":\"2025-06-26T06:03:52+00:00\",\"dateModified\":\"2025-07-03T06:24:40+00:00\",\"breadcrumb\":{\"@id\":\"https:\\\/\\\/www.buildie.fi\\\/sv\\\/buildie-kontakta-oss#breadcrumb\"},\"inLanguage\":\"sv-SE\",\"potentialAction\":[{\"@type\":\"ReadAction\",\"target\":[\"https:\\\/\\\/www.buildie.fi\\\/sv\\\/buildie-kontakta-oss\"]}]},{\"@type\":\"ImageObject\",\"inLanguage\":\"sv-SE\",\"@id\":\"https:\\\/\\\/www.buildie.fi\\\/sv\\\/buildie-kontakta-oss#primaryimage\",\"url\":\"https:\\\/\\\/www.buildie.fi\\\/wp-content\\\/uploads\\\/2025\\\/01\\\/Myynti-1007x700-1.webp\",\"contentUrl\":\"https:\\\/\\\/www.buildie.fi\\\/wp-content\\\/uploads\\\/2025\\\/01\\\/Myynti-1007x700-1.webp\"},{\"@type\":\"BreadcrumbList\",\"@id\":\"https:\\\/\\\/www.buildie.fi\\\/sv\\\/buildie-kontakta-oss#breadcrumb\",\"itemListElement\":[{\"@type\":\"ListItem\",\"position\":1,\"name\":\"Etusivu\",\"item\":\"https:\\\/\\\/www.buildie.fi\\\/\"},{\"@type\":\"ListItem\",\"position\":2,\"name\":\"Buildie Kontakta oss\"}]},{\"@type\":\"WebSite\",\"@id\":\"https:\\\/\\\/www.buildie.fi\\\/#website\",\"url\":\"https:\\\/\\\/www.buildie.fi\\\/\",\"name\":\"Buildie\",\"description\":\"Buildiella varmistat infrarakentamisen laadun\",\"publisher\":{\"@id\":\"https:\\\/\\\/www.buildie.fi\\\/#organization\"},\"potentialAction\":[{\"@type\":\"SearchAction\",\"target\":{\"@type\":\"EntryPoint\",\"urlTemplate\":\"https:\\\/\\\/www.buildie.fi\\\/?s={search_term_string}\"},\"query-input\":{\"@type\":\"PropertyValueSpecification\",\"valueRequired\":true,\"valueName\":\"search_term_string\"}}],\"inLanguage\":\"sv-SE\"},{\"@type\":\"Organization\",\"@id\":\"https:\\\/\\\/www.buildie.fi\\\/#organization\",\"name\":\"Buildie Oy\",\"url\":\"https:\\\/\\\/www.buildie.fi\\\/\",\"logo\":{\"@type\":\"ImageObject\",\"inLanguage\":\"sv-SE\",\"@id\":\"https:\\\/\\\/www.buildie.fi\\\/#\\\/schema\\\/logo\\\/image\\\/\",\"url\":\"https:\\\/\\\/www.buildie.fi\\\/wp-content\\\/uploads\\\/2021\\\/05\\\/Logo-vaaka-1.png\",\"contentUrl\":\"https:\\\/\\\/www.buildie.fi\\\/wp-content\\\/uploads\\\/2021\\\/05\\\/Logo-vaaka-1.png\",\"width\":167,\"height\":40,\"caption\":\"Buildie Oy\"},\"image\":{\"@id\":\"https:\\\/\\\/www.buildie.fi\\\/#\\\/schema\\\/logo\\\/image\\\/\"},\"sameAs\":[\"https:\\\/\\\/www.facebook.com\\\/buildie.fi\\\/\",\"https:\\\/\\\/www.instagram.com\\\/buildie.fi\\\/\",\"https:\\\/\\\/www.linkedin.com\\\/company\\\/buildie\"]}]}<\/script>\n<!-- \/ Yoast SEO plugin. -->","yoast_head_json":{"title":"Buildie Kontakta oss - Buildie","robots":{"index":"index","follow":"follow","max-snippet":"max-snippet:-1","max-image-preview":"max-image-preview:large","max-video-preview":"max-video-preview:-1"},"canonical":"https:\/\/www.buildie.fi\/sv\/buildie-kontakta-oss","og_locale":"sv_SE","og_type":"article","og_title":"Buildie Kontakta oss - Buildie","og_description":"Kontakta oss Vill du boka en demo, f\u00e5 en offert eller har du fr\u00e5gor om Buildie? V\u00e5r innovativa mjukvarul\u00f6sning g\u00f6r byggandet fullst\u00e4ndigt transparent f\u00f6r infrastruktur\u00e4garen, f\u00f6rb\u00e4ttrar kvaliteten inom infrastrukturbyggande och f\u00f6rebygger uppkomsten av eftersatt underh\u00e5ll. Kontakta oss \u2013 s\u00e5 bekantar vi oss tillsammans med v\u00e5r l\u00f6sning! Genom att skicka in formul\u00e4ret l\u00e4mnar du dina personuppgifter [&hellip;]","og_url":"https:\/\/www.buildie.fi\/sv\/buildie-kontakta-oss","og_site_name":"Buildie","article_publisher":"https:\/\/www.facebook.com\/buildie.fi\/","article_modified_time":"2025-07-03T06:24:40+00:00","og_image":[{"width":701,"height":1008,"url":"https:\/\/www.buildie.fi\/wp-content\/uploads\/2025\/01\/Myynti-1007x700-1.webp","type":"image\/webp"}],"twitter_card":"summary_large_image","twitter_misc":{"Ber\u00e4knad l\u00e4stid":"1 minut"},"schema":{"@context":"https:\/\/schema.org","@graph":[{"@type":"WebPage","@id":"https:\/\/www.buildie.fi\/sv\/buildie-kontakta-oss","url":"https:\/\/www.buildie.fi\/sv\/buildie-kontakta-oss","name":"Buildie Kontakta oss - Buildie","isPartOf":{"@id":"https:\/\/www.buildie.fi\/#website"},"primaryImageOfPage":{"@id":"https:\/\/www.buildie.fi\/sv\/buildie-kontakta-oss#primaryimage"},"image":{"@id":"https:\/\/www.buildie.fi\/sv\/buildie-kontakta-oss#primaryimage"},"thumbnailUrl":"https:\/\/www.buildie.fi\/wp-content\/uploads\/2025\/01\/Myynti-1007x700-1.webp","datePublished":"2025-06-26T06:03:52+00:00","dateModified":"2025-07-03T06:24:40+00:00","breadcrumb":{"@id":"https:\/\/www.buildie.fi\/sv\/buildie-kontakta-oss#breadcrumb"},"inLanguage":"sv-SE","potentialAction":[{"@type":"ReadAction","target":["https:\/\/www.buildie.fi\/sv\/buildie-kontakta-oss"]}]},{"@type":"ImageObject","inLanguage":"sv-SE","@id":"https:\/\/www.buildie.fi\/sv\/buildie-kontakta-oss#primaryimage","url":"https:\/\/www.buildie.fi\/wp-content\/uploads\/2025\/01\/Myynti-1007x700-1.webp","contentUrl":"https:\/\/www.buildie.fi\/wp-content\/uploads\/2025\/01\/Myynti-1007x700-1.webp"},{"@type":"BreadcrumbList","@id":"https:\/\/www.buildie.fi\/sv\/buildie-kontakta-oss#breadcrumb","itemListElement":[{"@type":"ListItem","position":1,"name":"Etusivu","item":"https:\/\/www.buildie.fi\/"},{"@type":"ListItem","position":2,"name":"Buildie Kontakta oss"}]},{"@type":"WebSite","@id":"https:\/\/www.buildie.fi\/#website","url":"https:\/\/www.buildie.fi\/","name":"Buildie","description":"Buildiella varmistat infrarakentamisen laadun","publisher":{"@id":"https:\/\/www.buildie.fi\/#organization"},"potentialAction":[{"@type":"SearchAction","target":{"@type":"EntryPoint","urlTemplate":"https:\/\/www.buildie.fi\/?s={search_term_string}"},"query-input":{"@type":"PropertyValueSpecification","valueRequired":true,"valueName":"search_term_string"}}],"inLanguage":"sv-SE"},{"@type":"Organization","@id":"https:\/\/www.buildie.fi\/#organization","name":"Buildie Oy","url":"https:\/\/www.buildie.fi\/","logo":{"@type":"ImageObject","inLanguage":"sv-SE","@id":"https:\/\/www.buildie.fi\/#\/schema\/logo\/image\/","url":"https:\/\/www.buildie.fi\/wp-content\/uploads\/2021\/05\/Logo-vaaka-1.png","contentUrl":"https:\/\/www.buildie.fi\/wp-content\/uploads\/2021\/05\/Logo-vaaka-1.png","width":167,"height":40,"caption":"Buildie Oy"},"image":{"@id":"https:\/\/www.buildie.fi\/#\/schema\/logo\/image\/"},"sameAs":["https:\/\/www.facebook.com\/buildie.fi\/","https:\/\/www.instagram.com\/buildie.fi\/","https:\/\/www.linkedin.com\/company\/buildie"]}]}},"_links":{"self":[{"href":"https:\/\/www.buildie.fi\/sv\/wp-json\/wp\/v2\/pages\/10567","targetHints":{"allow":["GET"]}}],"collection":[{"href":"https:\/\/www.buildie.fi\/sv\/wp-json\/wp\/v2\/pages"}],"about":[{"href":"https:\/\/www.buildie.fi\/sv\/wp-json\/wp\/v2\/types\/page"}],"author":[{"embeddable":true,"href":"https:\/\/www.buildie.fi\/sv\/wp-json\/wp\/v2\/users\/9"}],"replies":[{"embeddable":true,"href":"https:\/\/www.buildie.fi\/sv\/wp-json\/wp\/v2\/comments?post=10567"}],"version-history":[{"count":4,"href":"https:\/\/www.buildie.fi\/sv\/wp-json\/wp\/v2\/pages\/10567\/revisions"}],"predecessor-version":[{"id":11046,"href":"https:\/\/www.buildie.fi\/sv\/wp-json\/wp\/v2\/pages\/10567\/revisions\/11046"}],"wp:attachment":[{"href":"https:\/\/www.buildie.fi\/sv\/wp-json\/wp\/v2\/media?parent=10567"}],"curies":[{"name":"wp","href":"https:\/\/api.w.org\/{rel}","templated":true}]}}